{"id":23,"date":"2019-10-28T15:56:36","date_gmt":"2019-10-28T15:56:36","guid":{"rendered":"https:\/\/hauk.com.pe\/web\/?page_id=23"},"modified":"2025-11-04T16:09:05","modified_gmt":"2025-11-04T16:09:05","slug":"nosotros","status":"publish","type":"page","link":"https:\/\/hauk.com.pe\/web\/nosotros\/","title":{"rendered":"Nosotros"},"content":{"rendered":"<div class=\"videosotros\">\n<style>.embed-container { position: relative; padding-bottom: 56.25%; height: 0; overflow: hidden; max-width: 100%; } .embed-container iframe, .embed-container object, .embed-container embed { position: absolute; top: 0; left: 0; width: 100%; height: 100%; }<\/style>\n<div class=\"embed-container\"><iframe src=\"https:\/\/www.youtube.com\/embed\/EkPNWJBBlfM\" frameborder=\"0\" allowfullscreen=\"allowfullscreen\"><\/iframe><\/div>\n<\/div>\n<div class=\"videosotros\">\n<style>.embed-container { position: relative; padding-bottom: 56.25%; height: 0; overflow: hidden; max-width: 100%; } .embed-container iframe, .embed-container object, .embed-container embed { position: absolute; top: 0; left: 0; width: 100%; height: 100%; }<\/style>\n<div class=\"embed-container\"><iframe src=\"https:\/\/www.youtube.com\/embed\/yVostLbHDs4\" frameborder=\"0\" allowfullscreen=\"allowfullscreen\"><\/iframe><\/div>\n<\/div>\n<div class=\"videosotros\">\n<style>.embed-container { position: relative; padding-bottom: 56.25%; height: 0; overflow: hidden; max-width: 100%; } .embed-container iframe, .embed-container object, .embed-container embed { position: absolute; top: 0; left: 0; width: 100%; height: 100%; }<\/style>\n<div class=\"embed-container\"><iframe src=\"https:\/\/www.youtube.com\/embed\/KUF5DSR4k3c\" frameborder=\"0\" allowfullscreen=\"allowfullscreen\"><\/iframe><\/div>\n<\/div>\n<div class=\"videosotros\">\n<style>.embed-container { position: relative; padding-bottom: 56.25%; height: 0; overflow: hidden; max-width: 100%; } .embed-container iframe, .embed-container object, .embed-container embed { position: absolute; top: 0; left: 0; width: 100%; height: 100%; }<\/style>\n<div class=\"embed-container\"><iframe src=\"https:\/\/www.youtube.com\/embed\/g4e7lpnH-_M\" frameborder=\"0\" allowfullscreen=\"allowfullscreen\"><\/iframe><\/div>\n<\/div>\n<div class=\"intronosotros\">\n<div class=\"tituintro\">\n<h2>Seguridad a prueba en las m\u00e1s duras condiciones<\/h2>\n<p>Garant\u00eda certificada con las normas del American National Standards Institute<\/p>\n<\/div>\n<p><strong>HAUK S.A.C., <\/strong>es una empresa, fundada en 2005, dedicada a brindar seguridad y tranquilidad a personas que trabajan en condiciones con riesgo de ca\u00edda.<\/p>\n<p>Somos fabricantes de arneses integrales, cinturones, l\u00edneas de conexi\u00f3n, amortiguadores para impacto de ca\u00eddas, conectores de anclaje y todo lo relacionado con situaciones que podr\u00edan provocar una ca\u00edda.<\/p>\n<p>Para los trabajadores, la fiabilidad y la calidad del material son primordiales.\u00a0 HAUK\u00a0 dise\u00f1a soluciones que aportan a los usuarios productos seguros, en cuanto a resistencia, fiabilidad y durabilidad, est\u00e1n preparados para responder a las exigencias requeridas por las normas ANSI, OSHA, UNE &#8211; EN Y NTP.<\/p>\n<p>Somos especialistas en trabajos verticales y en el dise\u00f1o de sistemas de protecci\u00f3n contra ca\u00eddas para condiciones espec\u00edficas de trabajo.<\/p>\n<p>Nuestros productos han sido controlados en los laboratorios de la Universidad Cat\u00f3lica, Universidad Nacional de Ingenier\u00eda y en la torre de pruebas de nuestras instalaciones.<\/p>\n<\/div>\n<div class=\"politica\">\n<div class=\"imgpolitica\">\n<h2>Pol\u00edtica de Calidad<\/h2>\n<\/div>\n<div class=\"textopolitica\">\n<p>HAUK SAC, en la b\u00fasqueda de la satisfacci\u00f3n del cliente en el mercado de los equipos de protecci\u00f3n contra ca\u00eddas, considera que la mejora de sus productos se logra fomentando la participaci\u00f3n responsable y creatividad de sus colaboradores.<\/p>\n<p>En este sentido los compromisos asumidos son:<\/p>\n<ul>\n<li>Mejora continua del sistema de gesti\u00f3n de la calidad.<\/li>\n<li>Superar las expectativas de nuestros clientes.<\/li>\n<li>Definir y alcanzar objetivos de calidad.<\/li>\n<li>Cumplir los requisitos aplicables a la organizaci\u00f3n, incluyendo los legales.<\/li>\n<li>Fomentar el trabajo en equipo, basado en el liderazgo.<\/li>\n<li>Contar con personal competente y consciente de su rol.<\/li>\n<\/ul>\n<p>Es responsabilidad de todos en HAUK SAC, cumplir con los lineamientos de esta pol\u00edtica.<\/p>\n<p style=\"text-align: center;\"><strong>Guillermo Mej\u00eda Ord\u00f3\u00f1ez<\/strong><br \/>\nGerente General<\/p>\n<p style=\"text-align: right;\"><small>Lima, Setiembre 2025<br \/>\nV.05<\/small><\/p>\n<\/div>\n<\/div>\n","protected":false},"excerpt":{"rendered":"<p>Seguridad a prueba en las m\u00e1s duras condiciones Garant\u00eda certificada con las normas del American National Standards Institute HAUK S.A.C., es una empresa, fundada en 2005, dedicada a brindar seguridad y tranquilidad a personas que trabajan en condiciones con riesgo de ca\u00edda. Somos fabricantes de arneses integrales, cinturones, l\u00edneas de conexi\u00f3n, amortiguadores para impacto de [&hellip;]<\/p>\n","protected":false},"author":1,"featured_media":0,"parent":0,"menu_order":0,"comment_status":"closed","ping_status":"closed","template":"page-interior.php","meta":{"footnotes":""},"class_list":["post-23","page","type-page","status-publish","hentry"],"_links":{"self":[{"href":"https:\/\/hauk.com.pe\/web\/wp-json\/wp\/v2\/pages\/23","targetHints":{"allow":["GET"]}}],"collection":[{"href":"https:\/\/hauk.com.pe\/web\/wp-json\/wp\/v2\/pages"}],"about":[{"href":"https:\/\/hauk.com.pe\/web\/wp-json\/wp\/v2\/types\/page"}],"author":[{"embeddable":true,"href":"https:\/\/hauk.com.pe\/web\/wp-json\/wp\/v2\/users\/1"}],"replies":[{"embeddable":true,"href":"https:\/\/hauk.com.pe\/web\/wp-json\/wp\/v2\/comments?post=23"}],"version-history":[{"count":36,"href":"https:\/\/hauk.com.pe\/web\/wp-json\/wp\/v2\/pages\/23\/revisions"}],"predecessor-version":[{"id":4656,"href":"https:\/\/hauk.com.pe\/web\/wp-json\/wp\/v2\/pages\/23\/revisions\/4656"}],"wp:attachment":[{"href":"https:\/\/hauk.com.pe\/web\/wp-json\/wp\/v2\/media?parent=23"}],"curies":[{"name":"wp","href":"https:\/\/api.w.org\/{rel}","templated":true}]}}