{"id":25,"date":"2019-10-28T15:56:48","date_gmt":"2019-10-28T15:56:48","guid":{"rendered":"https:\/\/hauk.com.pe\/web\/?page_id=25"},"modified":"2020-01-30T03:18:32","modified_gmt":"2020-01-30T03:18:32","slug":"guias-de-seguridad","status":"publish","type":"page","link":"https:\/\/hauk.com.pe\/web\/guias-de-seguridad\/","title":{"rendered":"Gu\u00edas de seguridad"},"content":{"rendered":"<section class=\"intronosotros introguias\">\n<div class=\"tituintro\">\n<h2>Gu\u00eda de Selecci\u00f3n<\/h2>\n<p>Los productos HAUK incluyen equipos y sistemas para distintos usos y est\u00e1n identificados por un \u00edcono.<\/p>\n<\/div>\n<div class=\"seleccion\">\n<div class=\"itemseleccion\">\n<div class=\"imgseleccion\"><img loading=\"lazy\" decoding=\"async\" class=\"alignnone size-full wp-image-147\" src=\"https:\/\/hauk.com.pe\/web\/wp-content\/uploads\/2019\/11\/sistema-de-retencion.png\" alt=\"\" width=\"112\" height=\"112\" \/><\/div>\n<div class=\"textoseleccion\">\n<h3>SISTEMA DE RETENCI\u00d3N<\/h3>\n<p>Impide que el operario llegue a una zona que presenta riesgo de ca\u00edda libre. Consiste en un anclaje, una linea de conexi\u00f3n y una correa o arn\u00e9s.<\/p>\n<\/div>\n<\/div>\n<div class=\"itemseleccion\">\n<div class=\"imgseleccion\"><img loading=\"lazy\" decoding=\"async\" class=\"alignnone size-full wp-image-143\" src=\"https:\/\/hauk.com.pe\/web\/wp-content\/uploads\/2019\/11\/sistema-de-suspension.png\" alt=\"\" width=\"112\" height=\"112\" \/><\/div>\n<div class=\"textoseleccion\">\n<h3>SISTEMA DE SUSPENSI\u00d3N<\/h3>\n<p>Permite al operario descender y trabajar suspendido. Consiste en un anclaje, un sistema de descenso y un arn\u00e9s.<\/p>\n<\/div>\n<\/div>\n<div class=\"itemseleccion\">\n<div class=\"imgseleccion\"><img loading=\"lazy\" decoding=\"async\" class=\"alignnone size-full wp-image-142\" src=\"https:\/\/hauk.com.pe\/web\/wp-content\/uploads\/2019\/11\/sistema-de-sujecion-o-posicionamiento.png\" alt=\"\" width=\"112\" height=\"112\" \/><\/div>\n<div class=\"textoseleccion\">\n<h3>SISTEMA DE SUJECI\u00d3N O POSICIONAMIENTO<\/h3>\n<p>Permite sujetar a un operario por encima del nivel del suelo. Consiste en un anclaje, una l\u00ednea de conexi\u00f3n y un arn\u00e9s.<\/p>\n<\/div>\n<\/div>\n<div class=\"itemseleccion\">\n<div class=\"imgseleccion\"><img loading=\"lazy\" decoding=\"async\" class=\"alignnone size-full wp-image-146\" src=\"https:\/\/hauk.com.pe\/web\/wp-content\/uploads\/2019\/11\/sistema-de-recuperacion.png\" alt=\"\" width=\"112\" height=\"112\" \/><\/div>\n<div class=\"textoseleccion\">\n<h3>SISTEMA DE RECUPERACI\u00d3N<\/h3>\n<p>Es un sistema para izar a un operario desde espacios confinados. Consiste en un anclaje, un sistema de izaje y un arn\u00e9s.<\/p>\n<\/div>\n<\/div>\n<div class=\"itemseleccion\">\n<div class=\"imgseleccion\"><img loading=\"lazy\" decoding=\"async\" class=\"alignnone size-full wp-image-145\" src=\"https:\/\/hauk.com.pe\/web\/wp-content\/uploads\/2019\/11\/sistema-ascenso-descenso.png\" alt=\"\" width=\"112\" height=\"112\" \/><\/div>\n<div class=\"textoseleccion\">\n<h3>SISTEMA DE ASCENSO Y DESCENSO<\/h3>\n<p>Es un sistema para proteger al operario mientras sube o baja por escaleras o espacios totalmente verticales o similares. Consiste en una l\u00ednea de vida vertical, un freno de cuerda, una l\u00ednea de conexi\u00f3n y un arn\u00e9s.<\/p>\n<\/div>\n<\/div>\n<div class=\"itemseleccion\">\n<div class=\"imgseleccion\"><img loading=\"lazy\" decoding=\"async\" class=\"alignnone size-full wp-image-144\" src=\"https:\/\/hauk.com.pe\/web\/wp-content\/uploads\/2019\/11\/sitema-anticaida.png\" alt=\"\" width=\"112\" height=\"112\" \/><\/div>\n<div class=\"textoseleccion\">\n<h3>SISTEMA ANTICAIDAS<\/h3>\n<p>Es un sistema usado para detener la ca\u00edda de un operario que, al estar trabajando sobre una superficie por encima del suelo, corra el riesgo de sufrir una ca\u00edda libre desde un nivel superior a 1,80 m. Consiste en un anclaje, una l\u00ednea de conexi\u00f3n con amortiguador y un arn\u00e9s.<\/p>\n<\/div>\n<\/div>\n<\/div>\n<div class=\"tituintro\">\n<h2>Hebillas<\/h2>\n<p>Los arneses HAUK est\u00e1n provistos de hebillas regulables pasantes que permiten una r\u00e1pida y exacta regulaci\u00f3n de acuerdo a la talla del operario, lo que le otorga comodidad para trabajar. En la descripci\u00f3n t\u00e9cnica de cada arn\u00e9s incluimos un gr\u00e1fico de ubicaci\u00f3n y sentido de ajuste de las hebillas.<\/p>\n<\/div>\n<p style=\"text-align: center;\"><img loading=\"lazy\" decoding=\"async\" class=\"size-full wp-image-150 aligncenter\" src=\"https:\/\/hauk.com.pe\/web\/wp-content\/uploads\/2019\/11\/vista-hebillas.png\" alt=\"\" width=\"581\" height=\"317\" srcset=\"https:\/\/hauk.com.pe\/web\/wp-content\/uploads\/2019\/11\/vista-hebillas.png 581w, https:\/\/hauk.com.pe\/web\/wp-content\/uploads\/2019\/11\/vista-hebillas-300x164.png 300w\" sizes=\"auto, (max-width: 581px) 100vw, 581px\" \/><\/p>\n<div class=\"tituintro\">\n<h2>Sistemas de protecci\u00f3n contra ca\u00eddas<\/h2>\n<p>Nuestros distintos sistemas protecci\u00f3n contra ca\u00eddas garantizan la integridad de los operarios.<\/p>\n<\/div>\n<div class=\"sistemas\">\n<div class=\"itemsistemas\">\n<p><img loading=\"lazy\" decoding=\"async\" class=\"aligncenter size-full wp-image-159\" src=\"https:\/\/hauk.com.pe\/web\/wp-content\/uploads\/2019\/11\/grafico-sitemas-anticaidas.png\" alt=\"\" width=\"339\" height=\"262\" srcset=\"https:\/\/hauk.com.pe\/web\/wp-content\/uploads\/2019\/11\/grafico-sitemas-anticaidas.png 339w, https:\/\/hauk.com.pe\/web\/wp-content\/uploads\/2019\/11\/grafico-sitemas-anticaidas-300x232.png 300w\" sizes=\"auto, (max-width: 339px) 100vw, 339px\" \/><\/p>\n<h3>SISTEMAS ANTICAIDAS<\/h3>\n<p>Est\u00e1n dise\u00f1ados para detener una ca\u00edda con total seguridad, mediante el uso de EPI (equipo de protecci\u00f3n individual).<\/p>\n<\/div>\n<div class=\"itemsistemas\">\n<p><img loading=\"lazy\" decoding=\"async\" class=\"aligncenter size-full wp-image-158\" src=\"https:\/\/hauk.com.pe\/web\/wp-content\/uploads\/2019\/11\/grafico-sistema-de-sujecion-o-posicionamiento.png\" alt=\"\" width=\"339\" height=\"262\" srcset=\"https:\/\/hauk.com.pe\/web\/wp-content\/uploads\/2019\/11\/grafico-sistema-de-sujecion-o-posicionamiento.png 339w, https:\/\/hauk.com.pe\/web\/wp-content\/uploads\/2019\/11\/grafico-sistema-de-sujecion-o-posicionamiento-300x232.png 300w\" sizes=\"auto, (max-width: 339px) 100vw, 339px\" \/><\/p>\n<h3>SISTEMAS DE SUJECI\u00d3N O POSICIONAMIENTO<\/h3>\n<p>Dise\u00f1ados para prevenir la ca\u00edda del trabajador, mediante el uso de EPI en tensi\u00f3n.<\/p>\n<\/div>\n<div class=\"itemsistemas\">\n<p><img loading=\"lazy\" decoding=\"async\" class=\"aligncenter size-full wp-image-157\" src=\"https:\/\/hauk.com.pe\/web\/wp-content\/uploads\/2019\/11\/grafico-sistema-de-retencion.png\" alt=\"\" width=\"339\" height=\"262\" srcset=\"https:\/\/hauk.com.pe\/web\/wp-content\/uploads\/2019\/11\/grafico-sistema-de-retencion.png 339w, https:\/\/hauk.com.pe\/web\/wp-content\/uploads\/2019\/11\/grafico-sistema-de-retencion-300x232.png 300w\" sizes=\"auto, (max-width: 339px) 100vw, 339px\" \/><\/p>\n<h3>SISTEMAS DE RETENCI\u00d3N<\/h3>\n<p>Impiden, mediante el uso del EPI, que un trabajador llegue a una zona que presenta riesgo de ca\u00edda.<\/p>\n<\/div>\n<div class=\"itemsistemas\">\n<p><img loading=\"lazy\" decoding=\"async\" class=\"aligncenter size-full wp-image-160\" src=\"https:\/\/hauk.com.pe\/web\/wp-content\/uploads\/2019\/11\/grfico-sistema-ascenso-descenso.png\" alt=\"\" width=\"339\" height=\"262\" srcset=\"https:\/\/hauk.com.pe\/web\/wp-content\/uploads\/2019\/11\/grfico-sistema-ascenso-descenso.png 339w, https:\/\/hauk.com.pe\/web\/wp-content\/uploads\/2019\/11\/grfico-sistema-ascenso-descenso-300x232.png 300w\" sizes=\"auto, (max-width: 339px) 100vw, 339px\" \/><\/p>\n<h3>SISTEMA DE ASCENSO Y DESCENSO<\/h3>\n<p>Dise\u00f1ado para prevenir la ca\u00edda del trabajador,\u00a0 mediante el uso de EPI asegurado a la anilla frontal del arn\u00e9s.<\/p>\n<\/div>\n<\/div>\n<div class=\"tituintro\">\n<h2>Recomendaciones y advertencias<\/h2>\n<p>Descargue y lea los siguientes documentos<\/p>\n<\/div>\n<ul class=\"recolista\">\n<li><a href=\"https:\/\/hauk.com.pe\/web\/wp-content\/uploads\/2019\/11\/mantenimiento-de-equipos.pdf\" target=\"_blank\" rel=\"noopener noreferrer\">Recomendaciones para el <strong>mantenimiento de los equipos<\/strong><\/a><\/li>\n<li><a href=\"https:\/\/hauk.com.pe\/web\/wp-content\/uploads\/2019\/11\/advertencias-y-limitaciones.pdf\" target=\"_blank\" rel=\"noopener noreferrer\">Hoja de seguridad para arneses y cinturones &#8211; <strong>Advertencias y limitaciones<\/strong><\/a><\/li>\n<\/ul>\n<\/section>\n","protected":false},"excerpt":{"rendered":"<p>Gu\u00eda de Selecci\u00f3n Los productos HAUK incluyen equipos y sistemas para distintos usos y est\u00e1n identificados por un \u00edcono. SISTEMA DE RETENCI\u00d3N Impide que el operario llegue a una zona que presenta riesgo de ca\u00edda libre. Consiste en un anclaje, una linea de conexi\u00f3n y una correa o arn\u00e9s. SISTEMA DE SUSPENSI\u00d3N Permite al operario [&hellip;]<\/p>\n","protected":false},"author":1,"featured_media":0,"parent":0,"menu_order":0,"comment_status":"closed","ping_status":"closed","template":"page-interior.php","meta":{"footnotes":""},"class_list":["post-25","page","type-page","status-publish","hentry"],"_links":{"self":[{"href":"https:\/\/hauk.com.pe\/web\/wp-json\/wp\/v2\/pages\/25","targetHints":{"allow":["GET"]}}],"collection":[{"href":"https:\/\/hauk.com.pe\/web\/wp-json\/wp\/v2\/pages"}],"about":[{"href":"https:\/\/hauk.com.pe\/web\/wp-json\/wp\/v2\/types\/page"}],"author":[{"embeddable":true,"href":"https:\/\/hauk.com.pe\/web\/wp-json\/wp\/v2\/users\/1"}],"replies":[{"embeddable":true,"href":"https:\/\/hauk.com.pe\/web\/wp-json\/wp\/v2\/comments?post=25"}],"version-history":[{"count":26,"href":"https:\/\/hauk.com.pe\/web\/wp-json\/wp\/v2\/pages\/25\/revisions"}],"predecessor-version":[{"id":1749,"href":"https:\/\/hauk.com.pe\/web\/wp-json\/wp\/v2\/pages\/25\/revisions\/1749"}],"wp:attachment":[{"href":"https:\/\/hauk.com.pe\/web\/wp-json\/wp\/v2\/media?parent=25"}],"curies":[{"name":"wp","href":"https:\/\/api.w.org\/{rel}","templated":true}]}}