{"id":2803,"date":"2021-11-02T15:36:35","date_gmt":"2021-11-02T15:36:35","guid":{"rendered":"https:\/\/hauk.com.pe\/web\/?page_id=2803"},"modified":"2022-02-28T17:53:42","modified_gmt":"2022-02-28T17:53:42","slug":"laboratorio","status":"publish","type":"page","link":"https:\/\/hauk.com.pe\/web\/laboratorio\/","title":{"rendered":"Laboratorio"},"content":{"rendered":"<div class=\"tituintro\">\n<h2>Servicios de ensayo<\/h2>\n<p>Realizamos pruebas para un resultado \u00fanico.<\/p>\n<\/div>\n<div class=\"seleccion\">\n<div class=\"itemseleccion\">\n<div class=\"imgseleccion\"><img loading=\"lazy\" decoding=\"async\" class=\"alignnone size-full wp-image-2834\" src=\"https:\/\/hauk.com.pe\/web\/wp-content\/uploads\/2021\/11\/Captura-3.jpg\" alt=\"\" width=\"90\" height=\"90\" \/><\/div>\n<div class=\"textoseleccion\">\n<h3>Prueba Din\u00e1mica<\/h3>\n<p>Prueba Din\u00e1mica de Ca\u00edda Pies Primero<\/p>\n<\/div>\n<\/div>\n<div class=\"itemseleccion\">\n<div class=\"imgseleccion\"><img loading=\"lazy\" decoding=\"async\" class=\"alignnone size-full wp-image-2840\" src=\"https:\/\/hauk.com.pe\/web\/wp-content\/uploads\/2021\/11\/Captura2.jpg\" alt=\"\" width=\"90\" height=\"90\" \/><\/div>\n<div class=\"textoseleccion\">\n<h3>Prueba Din\u00e1mica<\/h3>\n<p>Prueba Din\u00e1mica de Ca\u00edda de Cabeza<\/p>\n<\/div>\n<\/div>\n<div class=\"itemseleccion\">\n<div class=\"imgseleccion\"><img loading=\"lazy\" decoding=\"async\" class=\"alignnone size-full wp-image-2843\" src=\"https:\/\/hauk.com.pe\/web\/wp-content\/uploads\/2021\/11\/Captura3.jpg\" alt=\"\" width=\"90\" height=\"90\" \/><\/div>\n<div class=\"textoseleccion\">\n<h3>Prueba Est\u00e1tica<\/h3>\n<p>Prueba Est\u00e1tica de Ca\u00edda de Pies Primero<\/p>\n<\/div>\n<\/div>\n<div class=\"itemseleccion\">\n<div class=\"imgseleccion\"><img loading=\"lazy\" decoding=\"async\" class=\"alignnone size-full wp-image-2845\" src=\"https:\/\/hauk.com.pe\/web\/wp-content\/uploads\/2021\/11\/Captura4.jpg\" alt=\"\" width=\"90\" height=\"90\" \/><\/div>\n<div class=\"textoseleccion\">\n<h3>Prueba Din\u00e1mica<\/h3>\n<p>Prueba Din\u00e1mica de Indicador Visual<\/p>\n<\/div>\n<\/div>\n<p>Si tuviera alguna queja por el servicio realizado por el Laboratorio, completar el <a href=\"https:\/\/hauk.com.pe\/web\/wp-content\/uploads\/2022\/02\/F-PCAL-06.1-Atencion-de-quejas.pdf\"><strong>formato de atenci\u00f3n de quejas <\/strong><\/a> y hacerlo llegar al laboratorio al siguiente correo:<a class=\"iconmail\" href=\"mailto:calidad@labhauk.com\">calidad@labhauk.com<\/a><\/p>\n<\/div>\n<ul>\n<li style=\"text-align: left;\"><a href=\"https:\/\/hauk.com.pe\/web\/wp-content\/uploads\/2021\/11\/DIAGRAMA-DE-FLUJO-DE-QUEJAS_V00.pdf\">Diagrama de flujo de quejas<\/a><\/li>\n<\/ul>\n","protected":false},"excerpt":{"rendered":"<p>Servicios de ensayo Realizamos pruebas para un resultado \u00fanico. Prueba Din\u00e1mica Prueba Din\u00e1mica de Ca\u00edda Pies Primero Prueba Din\u00e1mica Prueba Din\u00e1mica de Ca\u00edda de Cabeza Prueba Est\u00e1tica Prueba Est\u00e1tica de Ca\u00edda de Pies Primero Prueba Din\u00e1mica Prueba Din\u00e1mica de Indicador Visual Si tuviera alguna queja por el servicio realizado por el Laboratorio, completar el formato [&hellip;]<\/p>\n","protected":false},"author":2,"featured_media":0,"parent":0,"menu_order":0,"comment_status":"closed","ping_status":"closed","template":"page-interior.php","meta":{"footnotes":""},"class_list":["post-2803","page","type-page","status-publish","hentry"],"_links":{"self":[{"href":"https:\/\/hauk.com.pe\/web\/wp-json\/wp\/v2\/pages\/2803","targetHints":{"allow":["GET"]}}],"collection":[{"href":"https:\/\/hauk.com.pe\/web\/wp-json\/wp\/v2\/pages"}],"about":[{"href":"https:\/\/hauk.com.pe\/web\/wp-json\/wp\/v2\/types\/page"}],"author":[{"embeddable":true,"href":"https:\/\/hauk.com.pe\/web\/wp-json\/wp\/v2\/users\/2"}],"replies":[{"embeddable":true,"href":"https:\/\/hauk.com.pe\/web\/wp-json\/wp\/v2\/comments?post=2803"}],"version-history":[{"count":45,"href":"https:\/\/hauk.com.pe\/web\/wp-json\/wp\/v2\/pages\/2803\/revisions"}],"predecessor-version":[{"id":2892,"href":"https:\/\/hauk.com.pe\/web\/wp-json\/wp\/v2\/pages\/2803\/revisions\/2892"}],"wp:attachment":[{"href":"https:\/\/hauk.com.pe\/web\/wp-json\/wp\/v2\/media?parent=2803"}],"curies":[{"name":"wp","href":"https:\/\/api.w.org\/{rel}","templated":true}]}}